{"id":67,"date":"2025-08-12T09:44:20","date_gmt":"2025-08-12T12:44:20","guid":{"rendered":"https:\/\/sites.niteroi.rj.gov.br\/casa-do-empreendedor\/?page_id=67"},"modified":"2025-08-12T09:44:25","modified_gmt":"2025-08-12T12:44:25","slug":"noticias","status":"publish","type":"page","link":"https:\/\/sites.niteroi.rj.gov.br\/casa-do-empreendedor\/index.php\/noticias\/","title":{"rendered":"Not\u00edcias"},"content":{"rendered":"<p>[et_pb_section fb_built=&#8221;1&#8243; _builder_version=&#8221;4.24.3&#8243; _module_preset=&#8221;default&#8221; global_colors_info=&#8221;{}&#8221; theme_builder_area=&#8221;post_content&#8221;][et_pb_row _builder_version=&#8221;4.24.3&#8243; _module_preset=&#8221;default&#8221; global_colors_info=&#8221;{}&#8221; theme_builder_area=&#8221;post_content&#8221;][et_pb_column type=&#8221;4_4&#8243; _builder_version=&#8221;4.24.3&#8243; _module_preset=&#8221;default&#8221; global_colors_info=&#8221;{}&#8221; theme_builder_area=&#8221;post_content&#8221;][et_pb_text _builder_version=&#8221;4.24.3&#8243; _module_preset=&#8221;default&#8221; header_font=&#8221;Montserrat|900|on||||||&#8221; header_text_align=&#8221;center&#8221; header_text_color=&#8221;#fe511e&#8221; header_font_size=&#8221;2em&#8221; custom_margin=&#8221;||0px||false|false&#8221; animation_style=&#8221;slide&#8221; animation_direction=&#8221;left&#8221; global_colors_info=&#8221;{}&#8221; theme_builder_area=&#8221;post_content&#8221;]<\/p>\n<h1>\u00daltimas not\u00edcias<\/h1>\n<p>[\/et_pb_text][et_pb_blog fullwidth=&#8221;off&#8221; posts_number=&#8221;3&#8243; include_categories=&#8221;all&#8221; show_author=&#8221;off&#8221; show_date=&#8221;off&#8221; show_categories=&#8221;off&#8221; show_pagination=&#8221;off&#8221; _builder_version=&#8221;4.24.3&#8243; _module_preset=&#8221;default&#8221; header_font=&#8221;|700|||||||&#8221; global_colors_info=&#8221;{}&#8221; theme_builder_area=&#8221;post_content&#8221;][\/et_pb_blog][\/et_pb_column][\/et_pb_row][\/et_pb_section][et_pb_section fb_built=&#8221;1&#8243; _builder_version=&#8221;4.24.3&#8243; _module_preset=&#8221;default&#8221; custom_padding=&#8221;0px||||false|false&#8221; global_colors_info=&#8221;{}&#8221; theme_builder_area=&#8221;post_content&#8221;][et_pb_row column_structure=&#8221;1_2,1_2&#8243; _builder_version=&#8221;4.24.3&#8243; _module_preset=&#8221;default&#8221; global_colors_info=&#8221;{}&#8221; theme_builder_area=&#8221;post_content&#8221;][et_pb_column type=&#8221;1_2&#8243; _builder_version=&#8221;4.24.3&#8243; _module_preset=&#8221;default&#8221; global_colors_info=&#8221;{}&#8221; theme_builder_area=&#8221;post_content&#8221;][et_pb_code _builder_version=&#8221;4.24.3&#8243; _module_preset=&#8221;default&#8221; hover_enabled=&#8221;0&#8243; global_colors_info=&#8221;{}&#8221; theme_builder_area=&#8221;post_content&#8221; sticky_enabled=&#8221;0&#8243;]<iframe src=\"https:\/\/www.google.com\/maps\/embed?pb=!1m18!1m12!1m3!1d3675.581908298676!2d-43.12710652377862!3d-22.891898037340855!2m3!1f0!2f0!3f0!3m2!1i1024!2i768!4f13.1!3m3!1m2!1s0x9983c6511464f1%3A0xf597893928c7a0a4!2sShopping%20Bay%20Market!5e0!3m2!1spt-BR!2sbr!4v1747076922448!5m2!1spt-BR!2sbr\" width=\"100%\" height=\"200\" style=\"border:0;\" allowfullscreen=\"\" loading=\"lazy\" referrerpolicy=\"no-referrer-when-downgrade\"><\/iframe>[\/et_pb_code][\/et_pb_column][et_pb_column type=&#8221;1_2&#8243; _builder_version=&#8221;4.24.3&#8243; _module_preset=&#8221;default&#8221; global_colors_info=&#8221;{}&#8221; theme_builder_area=&#8221;post_content&#8221;][et_pb_text _builder_version=&#8221;4.24.3&#8243; _module_preset=&#8221;default&#8221; header_font=&#8221;Montserrat|800|on||||||&#8221; header_text_color=&#8221;#fe511e&#8221; custom_margin=&#8221;||0px||false|false&#8221; animation_style=&#8221;slide&#8221; animation_direction=&#8221;left&#8221; global_colors_info=&#8221;{}&#8221; theme_builder_area=&#8221;post_content&#8221;]<\/p>\n<h1>Onde Estamos<\/h1>\n<p>[\/et_pb_text][et_pb_text _builder_version=&#8221;4.24.3&#8243; _module_preset=&#8221;default&#8221; text_font=&#8221;Montserrat||||||||&#8221; text_text_color=&#8221;#000000&#8243; text_font_size=&#8221;16px&#8221; text_line_height=&#8221;1.5em&#8221; background_enable_color=&#8221;off&#8221; global_colors_info=&#8221;{}&#8221; theme_builder_area=&#8221;post_content&#8221;]<strong>Shopping Bay Market \u2013 Av. Visconde do Rio Branco, 360\/3\u00ba andar (ao lado do cinema).<\/strong><br \/>\nAtendimento presencial:<br \/>\nSegunda a sexta, das 10h \u00e0s 17h.<br \/>\n<i class=\"fa-brands fa-whatsapp\"><\/i> (21) 96601-2172<br \/>\n<i class=\"fa-solid fa-envelope\"><\/i> casadoempreendedor@seden.niteroi.rj.gov.br[\/et_pb_text][\/et_pb_column][\/et_pb_row][\/et_pb_section][et_pb_section fb_built=&#8221;1&#8243; _builder_version=&#8221;4.24.3&#8243; _module_preset=&#8221;default&#8221; global_colors_info=&#8221;{}&#8221; theme_builder_area=&#8221;post_content&#8221;][et_pb_row _builder_version=&#8221;4.24.3&#8243; _module_preset=&#8221;default&#8221; global_colors_info=&#8221;{}&#8221; theme_builder_area=&#8221;post_content&#8221;][et_pb_column type=&#8221;4_4&#8243; _builder_version=&#8221;4.24.3&#8243; _module_preset=&#8221;default&#8221; global_colors_info=&#8221;{}&#8221; theme_builder_area=&#8221;post_content&#8221;][et_pb_code _builder_version=&#8221;4.24.3&#8243; _module_preset=&#8221;default&#8221; global_colors_info=&#8221;{}&#8221; theme_builder_area=&#8221;post_content&#8221;]<script data-b24-form=\"inline\/25\/vg263n\" data-skip-moving=\"true\">(function(w,d,u){var s=d.createElement('script');s.async=true;s.src=u+'?'+(Date.now()\/180000|0);var h=d.getElementsByTagName('script')[0];h.parentNode.insertBefore(s,h);})(window,document,'https:\/\/cdn.bitrix24.com.br\/b30349105\/crm\/form\/loader_25.js');<\/script>[\/et_pb_code][\/et_pb_column][\/et_pb_row][\/et_pb_section][et_pb_section fb_built=&#8221;1&#8243; _builder_version=&#8221;4.24.3&#8243; _module_preset=&#8221;default&#8221; background_color=&#8221;#fe511e&#8221; global_colors_info=&#8221;{}&#8221; theme_builder_area=&#8221;post_content&#8221;][et_pb_row _builder_version=&#8221;4.24.3&#8243; _module_preset=&#8221;default&#8221; global_colors_info=&#8221;{}&#8221; theme_builder_area=&#8221;post_content&#8221;][et_pb_column type=&#8221;4_4&#8243; _builder_version=&#8221;4.24.3&#8243; _module_preset=&#8221;default&#8221; global_colors_info=&#8221;{}&#8221; theme_builder_area=&#8221;post_content&#8221;][et_pb_image src=&#8221;https:\/\/sites.niteroi.rj.gov.br\/casa-do-empreendedor\/wp-content\/uploads\/2025\/05\/footer.png&#8221; title_text=&#8221;footer&#8221; align=&#8221;center&#8221; _builder_version=&#8221;4.24.3&#8243; _module_preset=&#8221;default&#8221; width=&#8221;180px&#8221; global_colors_info=&#8221;{}&#8221; theme_builder_area=&#8221;post_content&#8221;][\/et_pb_image][et_pb_text _builder_version=&#8221;4.24.3&#8243; _module_preset=&#8221;default&#8221; text_text_color=&#8221;#FFFFFF&#8221; text_font_size=&#8221;28px&#8221; text_orientation=&#8221;center&#8221; global_colors_info=&#8221;{}&#8221; theme_builder_area=&#8221;post_content&#8221;]<a href=\"https:\/\/www.instagram.com\/casadoempreendedor_niteroi\/\" target=\"_blank\" style=\"color:#FFF\"><i class=\"fa-brands fa-instagram\"><\/i><\/a> &nbsp;&nbsp;<a href=\"http:\/\/wa.me\/5521966012172\" target=\"_blank\" style=\"color:#FFF\"><i class=\"fa-brands fa-whatsapp\"><\/i><\/a>[\/et_pb_text][\/et_pb_column][\/et_pb_row][\/et_pb_section]<\/p>\n","protected":false},"excerpt":{"rendered":"<p>\u00daltimas not\u00edciasOnde EstamosShopping Bay Market \u2013 Av. Visconde do Rio Branco, 360\/3\u00ba andar (ao lado do cinema). Atendimento presencial: Segunda a sexta, das 10h \u00e0s 17h. (21) 96601-2172 casadoempreendedor@seden.niteroi.rj.gov.br &nbsp;&nbsp;<\/p>\n","protected":false},"author":1,"featured_media":0,"parent":0,"menu_order":0,"comment_status":"closed","ping_status":"closed","template":"","meta":{"_et_pb_use_builder":"on","_et_pb_old_content":"","_et_gb_content_width":"","_joinchat":[],"footnotes":""},"class_list":["post-67","page","type-page","status-publish","hentry"],"yoast_head":"<!-- This site is optimized with the Yoast SEO plugin v25.0 - https:\/\/yoast.com\/wordpress\/plugins\/seo\/ -->\n<title>Not\u00edcias - Casa do Empreendedor<\/title>\n<meta name=\"robots\" content=\"index, follow, max-snippet:-1, max-image-preview:large, max-video-preview:-1\" \/>\n<link rel=\"canonical\" href=\"https:\/\/sites.niteroi.rj.gov.br\/casa-do-empreendedor\/index.php\/noticias\/\" \/>\n<meta property=\"og:locale\" content=\"pt_BR\" \/>\n<meta property=\"og:type\" content=\"article\" \/>\n<meta property=\"og:title\" content=\"Not\u00edcias - Casa do Empreendedor\" \/>\n<meta property=\"og:description\" content=\"\u00daltimas not\u00edciasOnde EstamosShopping Bay Market \u2013 Av. Visconde do Rio Branco, 360\/3\u00ba andar (ao lado do cinema). Atendimento presencial: Segunda a sexta, das 10h \u00e0s 17h. (21) 96601-2172 casadoempreendedor@seden.niteroi.rj.gov.br &nbsp;&nbsp;\" \/>\n<meta property=\"og:url\" content=\"https:\/\/sites.niteroi.rj.gov.br\/casa-do-empreendedor\/index.php\/noticias\/\" \/>\n<meta property=\"og:site_name\" content=\"Casa do Empreendedor\" \/>\n<meta property=\"article:modified_time\" content=\"2025-08-12T12:44:25+00:00\" \/>\n<meta name=\"twitter:card\" content=\"summary_large_image\" \/>\n<meta name=\"twitter:label1\" content=\"Est. tempo de leitura\" \/>\n\t<meta name=\"twitter:data1\" content=\"1 minuto\" \/>\n<script type=\"application\/ld+json\" class=\"yoast-schema-graph\">{\"@context\":\"https:\/\/schema.org\",\"@graph\":[{\"@type\":\"WebPage\",\"@id\":\"https:\/\/sites.niteroi.rj.gov.br\/casa-do-empreendedor\/index.php\/noticias\/\",\"url\":\"https:\/\/sites.niteroi.rj.gov.br\/casa-do-empreendedor\/index.php\/noticias\/\",\"name\":\"Not\u00edcias - Casa do Empreendedor\",\"isPartOf\":{\"@id\":\"https:\/\/sites.niteroi.rj.gov.br\/casa-do-empreendedor\/#website\"},\"datePublished\":\"2025-08-12T12:44:20+00:00\",\"dateModified\":\"2025-08-12T12:44:25+00:00\",\"breadcrumb\":{\"@id\":\"https:\/\/sites.niteroi.rj.gov.br\/casa-do-empreendedor\/index.php\/noticias\/#breadcrumb\"},\"inLanguage\":\"pt-BR\",\"potentialAction\":[{\"@type\":\"ReadAction\",\"target\":[\"https:\/\/sites.niteroi.rj.gov.br\/casa-do-empreendedor\/index.php\/noticias\/\"]}]},{\"@type\":\"BreadcrumbList\",\"@id\":\"https:\/\/sites.niteroi.rj.gov.br\/casa-do-empreendedor\/index.php\/noticias\/#breadcrumb\",\"itemListElement\":[{\"@type\":\"ListItem\",\"position\":1,\"name\":\"In\u00edcio\",\"item\":\"https:\/\/sites.niteroi.rj.gov.br\/casa-do-empreendedor\/\"},{\"@type\":\"ListItem\",\"position\":2,\"name\":\"Not\u00edcias\"}]},{\"@type\":\"WebSite\",\"@id\":\"https:\/\/sites.niteroi.rj.gov.br\/casa-do-empreendedor\/#website\",\"url\":\"https:\/\/sites.niteroi.rj.gov.br\/casa-do-empreendedor\/\",\"name\":\"Casa do Empreendedor\",\"description\":\"Empreender em Niter\u00f3i Nunca Foi T\u00e3o F\u00e1cil!\",\"publisher\":{\"@id\":\"https:\/\/sites.niteroi.rj.gov.br\/casa-do-empreendedor\/#organization\"},\"potentialAction\":[{\"@type\":\"SearchAction\",\"target\":{\"@type\":\"EntryPoint\",\"urlTemplate\":\"https:\/\/sites.niteroi.rj.gov.br\/casa-do-empreendedor\/?s={search_term_string}\"},\"query-input\":{\"@type\":\"PropertyValueSpecification\",\"valueRequired\":true,\"valueName\":\"search_term_string\"}}],\"inLanguage\":\"pt-BR\"},{\"@type\":\"Organization\",\"@id\":\"https:\/\/sites.niteroi.rj.gov.br\/casa-do-empreendedor\/#organization\",\"name\":\"Casa do Empreendedor\",\"url\":\"https:\/\/sites.niteroi.rj.gov.br\/casa-do-empreendedor\/\",\"logo\":{\"@type\":\"ImageObject\",\"inLanguage\":\"pt-BR\",\"@id\":\"https:\/\/sites.niteroi.rj.gov.br\/casa-do-empreendedor\/#\/schema\/logo\/image\/\",\"url\":\"https:\/\/sites.niteroi.rj.gov.br\/casa-do-empreendedor\/wp-content\/uploads\/2025\/05\/logo.png\",\"contentUrl\":\"https:\/\/sites.niteroi.rj.gov.br\/casa-do-empreendedor\/wp-content\/uploads\/2025\/05\/logo.png\",\"width\":2098,\"height\":538,\"caption\":\"Casa do Empreendedor\"},\"image\":{\"@id\":\"https:\/\/sites.niteroi.rj.gov.br\/casa-do-empreendedor\/#\/schema\/logo\/image\/\"}}]}<\/script>\n<!-- \/ Yoast SEO plugin. -->","yoast_head_json":{"title":"Not\u00edcias - Casa do Empreendedor","robots":{"index":"index","follow":"follow","max-snippet":"max-snippet:-1","max-image-preview":"max-image-preview:large","max-video-preview":"max-video-preview:-1"},"canonical":"https:\/\/sites.niteroi.rj.gov.br\/casa-do-empreendedor\/index.php\/noticias\/","og_locale":"pt_BR","og_type":"article","og_title":"Not\u00edcias - Casa do Empreendedor","og_description":"\u00daltimas not\u00edciasOnde EstamosShopping Bay Market \u2013 Av. Visconde do Rio Branco, 360\/3\u00ba andar (ao lado do cinema). Atendimento presencial: Segunda a sexta, das 10h \u00e0s 17h. (21) 96601-2172 casadoempreendedor@seden.niteroi.rj.gov.br &nbsp;&nbsp;","og_url":"https:\/\/sites.niteroi.rj.gov.br\/casa-do-empreendedor\/index.php\/noticias\/","og_site_name":"Casa do Empreendedor","article_modified_time":"2025-08-12T12:44:25+00:00","twitter_card":"summary_large_image","twitter_misc":{"Est. tempo de leitura":"1 minuto"},"schema":{"@context":"https:\/\/schema.org","@graph":[{"@type":"WebPage","@id":"https:\/\/sites.niteroi.rj.gov.br\/casa-do-empreendedor\/index.php\/noticias\/","url":"https:\/\/sites.niteroi.rj.gov.br\/casa-do-empreendedor\/index.php\/noticias\/","name":"Not\u00edcias - Casa do Empreendedor","isPartOf":{"@id":"https:\/\/sites.niteroi.rj.gov.br\/casa-do-empreendedor\/#website"},"datePublished":"2025-08-12T12:44:20+00:00","dateModified":"2025-08-12T12:44:25+00:00","breadcrumb":{"@id":"https:\/\/sites.niteroi.rj.gov.br\/casa-do-empreendedor\/index.php\/noticias\/#breadcrumb"},"inLanguage":"pt-BR","potentialAction":[{"@type":"ReadAction","target":["https:\/\/sites.niteroi.rj.gov.br\/casa-do-empreendedor\/index.php\/noticias\/"]}]},{"@type":"BreadcrumbList","@id":"https:\/\/sites.niteroi.rj.gov.br\/casa-do-empreendedor\/index.php\/noticias\/#breadcrumb","itemListElement":[{"@type":"ListItem","position":1,"name":"In\u00edcio","item":"https:\/\/sites.niteroi.rj.gov.br\/casa-do-empreendedor\/"},{"@type":"ListItem","position":2,"name":"Not\u00edcias"}]},{"@type":"WebSite","@id":"https:\/\/sites.niteroi.rj.gov.br\/casa-do-empreendedor\/#website","url":"https:\/\/sites.niteroi.rj.gov.br\/casa-do-empreendedor\/","name":"Casa do Empreendedor","description":"Empreender em Niter\u00f3i Nunca Foi T\u00e3o F\u00e1cil!","publisher":{"@id":"https:\/\/sites.niteroi.rj.gov.br\/casa-do-empreendedor\/#organization"},"potentialAction":[{"@type":"SearchAction","target":{"@type":"EntryPoint","urlTemplate":"https:\/\/sites.niteroi.rj.gov.br\/casa-do-empreendedor\/?s={search_term_string}"},"query-input":{"@type":"PropertyValueSpecification","valueRequired":true,"valueName":"search_term_string"}}],"inLanguage":"pt-BR"},{"@type":"Organization","@id":"https:\/\/sites.niteroi.rj.gov.br\/casa-do-empreendedor\/#organization","name":"Casa do Empreendedor","url":"https:\/\/sites.niteroi.rj.gov.br\/casa-do-empreendedor\/","logo":{"@type":"ImageObject","inLanguage":"pt-BR","@id":"https:\/\/sites.niteroi.rj.gov.br\/casa-do-empreendedor\/#\/schema\/logo\/image\/","url":"https:\/\/sites.niteroi.rj.gov.br\/casa-do-empreendedor\/wp-content\/uploads\/2025\/05\/logo.png","contentUrl":"https:\/\/sites.niteroi.rj.gov.br\/casa-do-empreendedor\/wp-content\/uploads\/2025\/05\/logo.png","width":2098,"height":538,"caption":"Casa do Empreendedor"},"image":{"@id":"https:\/\/sites.niteroi.rj.gov.br\/casa-do-empreendedor\/#\/schema\/logo\/image\/"}}]}},"_links":{"self":[{"href":"https:\/\/sites.niteroi.rj.gov.br\/casa-do-empreendedor\/index.php\/wp-json\/wp\/v2\/pages\/67","targetHints":{"allow":["GET"]}}],"collection":[{"href":"https:\/\/sites.niteroi.rj.gov.br\/casa-do-empreendedor\/index.php\/wp-json\/wp\/v2\/pages"}],"about":[{"href":"https:\/\/sites.niteroi.rj.gov.br\/casa-do-empreendedor\/index.php\/wp-json\/wp\/v2\/types\/page"}],"author":[{"embeddable":true,"href":"https:\/\/sites.niteroi.rj.gov.br\/casa-do-empreendedor\/index.php\/wp-json\/wp\/v2\/users\/1"}],"replies":[{"embeddable":true,"href":"https:\/\/sites.niteroi.rj.gov.br\/casa-do-empreendedor\/index.php\/wp-json\/wp\/v2\/comments?post=67"}],"version-history":[{"count":2,"href":"https:\/\/sites.niteroi.rj.gov.br\/casa-do-empreendedor\/index.php\/wp-json\/wp\/v2\/pages\/67\/revisions"}],"predecessor-version":[{"id":69,"href":"https:\/\/sites.niteroi.rj.gov.br\/casa-do-empreendedor\/index.php\/wp-json\/wp\/v2\/pages\/67\/revisions\/69"}],"wp:attachment":[{"href":"https:\/\/sites.niteroi.rj.gov.br\/casa-do-empreendedor\/index.php\/wp-json\/wp\/v2\/media?parent=67"}],"curies":[{"name":"wp","href":"https:\/\/api.w.org\/{rel}","templated":true}]}}