{"id":41,"date":"2025-07-24T21:04:26","date_gmt":"2025-07-25T00:04:26","guid":{"rendered":"https:\/\/sites.niteroi.rj.gov.br\/mercocidades\/?page_id=41"},"modified":"2025-08-26T13:55:03","modified_gmt":"2025-08-26T16:55:03","slug":"niteroi","status":"publish","type":"page","link":"https:\/\/sites.niteroi.rj.gov.br\/mercocidades\/index.php\/niteroi\/","title":{"rendered":"Niter\u00f3i"},"content":{"rendered":"<p>[et_pb_section fb_built=&#8221;1&#8243; fullwidth=&#8221;on&#8221; _builder_version=&#8221;4.24.3&#8243; _module_preset=&#8221;default&#8221; background_color=&#8221;#B50074&#8243; global_colors_info=&#8221;{}&#8221;][et_pb_fullwidth_post_title meta=&#8221;off&#8221; featured_image=&#8221;off&#8221; _builder_version=&#8221;4.24.3&#8243; _module_preset=&#8221;default&#8221; title_font=&#8221;Montserrat|700|||||||&#8221; title_text_color=&#8221;#FFFFFF&#8221; background_color=&#8221;#003E8B&#8221; background_image=&#8221;https:\/\/sites.niteroi.rj.gov.br\/mercocidades\/wp-content\/uploads\/2025\/07\/bg-curve.png&#8221; parallax=&#8221;on&#8221; custom_padding=&#8221;50px||30px||false|false&#8221; global_colors_info=&#8221;{}&#8221;][\/et_pb_fullwidth_post_title][\/et_pb_section][et_pb_section fb_built=&#8221;1&#8243; _builder_version=&#8221;4.24.3&#8243; _module_preset=&#8221;default&#8221; global_colors_info=&#8221;{}&#8221;][et_pb_row _builder_version=&#8221;4.24.3&#8243; _module_preset=&#8221;default&#8221;][et_pb_column _builder_version=&#8221;4.24.3&#8243; _module_preset=&#8221;default&#8221; type=&#8221;4_4&#8243;][et_pb_text _builder_version=&#8221;4.24.3&#8243; _module_preset=&#8221;default&#8221; text_font=&#8221;|600|||||||&#8221; text_text_color=&#8221;#0B5FA6&#8243; text_font_size=&#8221;16px&#8221; text_line_height=&#8221;1.6em&#8221; hover_enabled=&#8221;0&#8243; global_colors_info=&#8221;{}&#8221; sticky_enabled=&#8221;0&#8243;]Niter\u00f3i fica a 14 quil\u00f4metros da cidade do Rio de Janeiro, do outro lado da Ba\u00eda de Guanabara. Com 480 mil habitantes, \u00e9 o s\u00e9timo maior \u00cdndice de Desenvolvimento Humano (IDH) do pa\u00eds. A cidade possui 129,3 quil\u00f4metros quadrados, com 56% da \u00e1rea de preserva\u00e7\u00e3o ambiental. [\/et_pb_text][et_pb_text _builder_version=&#8221;4.24.3&#8243; _module_preset=&#8221;default&#8221; text_font=&#8221;|300|||||||&#8221; text_text_color=&#8221;#000000&#8243; text_font_size=&#8221;16px&#8221; text_line_height=&#8221;1.6em&#8221; hover_enabled=&#8221;0&#8243; global_colors_info=&#8221;{}&#8221; sticky_enabled=&#8221;0&#8243;]Niter\u00f3i \u00e9 uma cidade encantadora por suas belezas naturais, por seu rico patrim\u00f4nio hist\u00f3rico, arquitet\u00f4nico e cultural, por sua gastronomia sofisticada, e por estar apenas a 13km da cidade do Rio de Janeiro. [\/et_pb_text][\/et_pb_column][\/et_pb_row][et_pb_row column_structure=&#8221;1_2,1_2&#8243; _builder_version=&#8221;4.24.3&#8243; _module_preset=&#8221;default&#8221; global_colors_info=&#8221;{}&#8221;][et_pb_column type=&#8221;1_2&#8243; _builder_version=&#8221;4.24.3&#8243; _module_preset=&#8221;default&#8221; global_colors_info=&#8221;{}&#8221;][et_pb_image src=&#8221;https:\/\/sites.niteroi.rj.gov.br\/mercocidades\/wp-content\/uploads\/2025\/07\/5.jpeg&#8221; title_text=&#8221;5&#8243; _builder_version=&#8221;4.24.3&#8243; _module_preset=&#8221;default&#8221; global_colors_info=&#8221;{}&#8221;][\/et_pb_image][\/et_pb_column][et_pb_column type=&#8221;1_2&#8243; _builder_version=&#8221;4.24.3&#8243; _module_preset=&#8221;default&#8221; global_colors_info=&#8221;{}&#8221;][et_pb_text _builder_version=&#8221;4.24.3&#8243; _module_preset=&#8221;default&#8221; text_font=&#8221;|300|||||||&#8221; text_text_color=&#8221;#000000&#8243; text_font_size=&#8221;16px&#8221; text_line_height=&#8221;1.6em&#8221; hover_enabled=&#8221;0&#8243; global_colors_info=&#8221;{}&#8221; sticky_enabled=&#8221;0&#8243;]Niter\u00f3i \u00e9 a segunda cidade do Brasil com maior n\u00famero de obras de Oscar Niemeyer, arquiteto que \u00e9 refer\u00eancia, ficando apenas atr\u00e1s apenas de Bras\u00edlia. Come\u00e7ando no Portal Tur\u00edstico de Niter\u00f3i, o Caminho Niemeyer se estende do Centro da Cidade at\u00e9 a Esta\u00e7\u00e3o Hidrovi\u00e1ria de Charitas. Para completar, ainda na Orla da Ba\u00eda de Guanabara, fica o maior conjunto cont\u00ednuo de Fortes de Fortalezas do Brasil, composto por locais hist\u00f3ricos originados no S\u00e9culo XVII. [\/et_pb_text][\/et_pb_column][\/et_pb_row][et_pb_row column_structure=&#8221;1_2,1_2&#8243; _builder_version=&#8221;4.24.3&#8243; _module_preset=&#8221;default&#8221; global_colors_info=&#8221;{}&#8221;][et_pb_column type=&#8221;1_2&#8243; _builder_version=&#8221;4.24.3&#8243; _module_preset=&#8221;default&#8221; global_colors_info=&#8221;{}&#8221;][et_pb_image src=&#8221;https:\/\/sites.niteroi.rj.gov.br\/mercocidades\/wp-content\/uploads\/2025\/08\/itacotiara.jpg&#8221; title_text=&#8221;Praia de Itacoatiara &#8211; NIter\u00f3i&#8221; _builder_version=&#8221;4.24.3&#8243; _module_preset=&#8221;default&#8221; hover_enabled=&#8221;0&#8243; global_colors_info=&#8221;{}&#8221; sticky_enabled=&#8221;0&#8243;][\/et_pb_image][\/et_pb_column][et_pb_column type=&#8221;1_2&#8243; _builder_version=&#8221;4.24.3&#8243; _module_preset=&#8221;default&#8221; global_colors_info=&#8221;{}&#8221;][et_pb_text _builder_version=&#8221;4.24.3&#8243; _module_preset=&#8221;default&#8221; text_font=&#8221;|300|||||||&#8221; text_text_color=&#8221;#000000&#8243; text_font_size=&#8221;16px&#8221; text_line_height=&#8221;1.6em&#8221; hover_enabled=&#8221;0&#8243; global_colors_info=&#8221;{}&#8221; sticky_enabled=&#8221;0&#8243;]A Regi\u00e3o Oce\u00e2nica, situada no munic\u00edpio de Niter\u00f3i e a poucos quil\u00f4metros do Centro do Rio de Janeiro, \u00e9 encantadora por suas belezas naturais e atrativos culturais, apresentando locais privilegiados para a pr\u00e1tica do ecoturismo e esportes n\u00e1uticos. A Regi\u00e3o tem como destaque o Parque Estadual da Serra da Tiririca, um dos \u00faltimos remanescentes de Mata Atl\u00e2ntica, local ideal para pr\u00e1tica de caminhada, escalada, rapel, birdwatching e ciclismo. Na Regi\u00e3o Oce\u00e2nica, o visitante pode ainda desfrutar de uma hospedagem charmosa e acolhedora, al\u00e9m de uma gastronomia diversificada.<br \/>\n[\/et_pb_text][\/et_pb_column][\/et_pb_row][et_pb_row column_structure=&#8221;1_2,1_2&#8243; _builder_version=&#8221;4.24.3&#8243; _module_preset=&#8221;default&#8221; global_colors_info=&#8221;{}&#8221;][et_pb_column type=&#8221;1_2&#8243; _builder_version=&#8221;4.24.3&#8243; _module_preset=&#8221;default&#8221; global_colors_info=&#8221;{}&#8221;][et_pb_image src=&#8221;https:\/\/sites.niteroi.rj.gov.br\/mercocidades\/wp-content\/uploads\/2025\/08\/parque-cidade.jpg&#8221; title_text=&#8221;parque-cidade&#8221; _builder_version=&#8221;4.24.3&#8243; _module_preset=&#8221;default&#8221; hover_enabled=&#8221;0&#8243; global_colors_info=&#8221;{}&#8221; sticky_enabled=&#8221;0&#8243;][\/et_pb_image][\/et_pb_column][et_pb_column type=&#8221;1_2&#8243; _builder_version=&#8221;4.24.3&#8243; _module_preset=&#8221;default&#8221; global_colors_info=&#8221;{}&#8221;][et_pb_text _builder_version=&#8221;4.24.3&#8243; _module_preset=&#8221;default&#8221; text_font=&#8221;|300|||||||&#8221; text_text_color=&#8221;#000000&#8243; text_font_size=&#8221;16px&#8221; text_line_height=&#8221;1.6em&#8221; hover_enabled=&#8221;0&#8243; global_colors_info=&#8221;{}&#8221; sticky_enabled=&#8221;0&#8243;]Entre montanhas e o mar, nossa cidade conta paisagens exuberantes e mais de 50% de seu territ\u00f3rio preservado por meio de um decreto municipal. Neste cen\u00e1rio, temos 45 trilhas, a maioria localizada em unidades de conserva\u00e7\u00e3o, como o Parque Natural Municipal de Niter\u00f3i (PARNIT), Parque Estadual da Serra da Tiririca (PESET) e Reserva Ecol\u00f3gica Darcy Ribeiro. No Parque da Cidade, por exemplo, existe uma rede de 14 quil\u00f4metros de trilhas sinalizadas. [\/et_pb_text][\/et_pb_column][\/et_pb_row][et_pb_row _builder_version=&#8221;4.24.3&#8243; _module_preset=&#8221;default&#8221; custom_padding=&#8221;||0px||false|false&#8221; hover_enabled=&#8221;0&#8243; sticky_enabled=&#8221;0&#8243;][et_pb_column _builder_version=&#8221;4.24.3&#8243; _module_preset=&#8221;default&#8221; type=&#8221;4_4&#8243;][et_pb_divider _builder_version=&#8221;4.24.3&#8243; _module_preset=&#8221;default&#8221; hover_enabled=&#8221;0&#8243; sticky_enabled=&#8221;0&#8243;][\/et_pb_divider][et_pb_text _builder_version=&#8221;4.24.3&#8243; _module_preset=&#8221;default&#8221; text_orientation=&#8221;center&#8221; hover_enabled=&#8221;0&#8243; sticky_enabled=&#8221;0&#8243;]<\/p>\n<h2>Conhe\u00e7a Niter\u00f3i<\/h2>\n<p>[\/et_pb_text][\/et_pb_column][\/et_pb_row][et_pb_row column_structure=&#8221;1_2,1_2&#8243; _builder_version=&#8221;4.24.3&#8243; _module_preset=&#8221;default&#8221; global_colors_info=&#8221;{}&#8221; locked=&#8221;off&#8221;][et_pb_column type=&#8221;1_2&#8243; _builder_version=&#8221;4.24.3&#8243; _module_preset=&#8221;default&#8221; global_colors_info=&#8221;{}&#8221;][et_pb_button button_url=&#8221;https:\/\/visit.niteroi.br\/niteroiem3dias\/&#8221; url_new_window=&#8221;on&#8221; button_text=&#8221;ROTEIRO NITER\u00d3I EM 3 DIAS&#8221; button_alignment=&#8221;center&#8221; _builder_version=&#8221;4.24.3&#8243; _module_preset=&#8221;default&#8221; hover_enabled=&#8221;0&#8243; global_colors_info=&#8221;{}&#8221; sticky_enabled=&#8221;0&#8243;][\/et_pb_button][\/et_pb_column][et_pb_column type=&#8221;1_2&#8243; _builder_version=&#8221;4.24.3&#8243; _module_preset=&#8221;default&#8221; global_colors_info=&#8221;{}&#8221;][et_pb_button button_url=&#8221;https:\/\/visit.niteroi.br\/#map-content&#8221; url_new_window=&#8221;on&#8221; button_text=&#8221;MAPA COM ROTAS&#8221; button_alignment=&#8221;center&#8221; _builder_version=&#8221;4.24.3&#8243; _module_preset=&#8221;default&#8221; hover_enabled=&#8221;0&#8243; global_colors_info=&#8221;{}&#8221; sticky_enabled=&#8221;0&#8243;][\/et_pb_button][\/et_pb_column][\/et_pb_row][\/et_pb_section]<\/p>\n","protected":false},"excerpt":{"rendered":"<p>Niter\u00f3i fica a 14 quil\u00f4metros da cidade do Rio de Janeiro, do outro lado da Ba\u00eda de Guanabara. Com 480 mil habitantes, \u00e9 o s\u00e9timo maior \u00cdndice de Desenvolvimento Humano (IDH) do pa\u00eds. A cidade possui 129,3 quil\u00f4metros quadrados, com 56% da \u00e1rea de preserva\u00e7\u00e3o ambiental. Niter\u00f3i \u00e9 uma cidade encantadora por suas belezas naturais, [&hellip;]<\/p>\n","protected":false},"author":1,"featured_media":0,"parent":0,"menu_order":0,"comment_status":"closed","ping_status":"closed","template":"","meta":{"_et_pb_use_builder":"on","_et_pb_old_content":"","_et_gb_content_width":"","footnotes":""},"class_list":["post-41","page","type-page","status-publish","hentry"],"_links":{"self":[{"href":"https:\/\/sites.niteroi.rj.gov.br\/mercocidades\/index.php\/wp-json\/wp\/v2\/pages\/41","targetHints":{"allow":["GET"]}}],"collection":[{"href":"https:\/\/sites.niteroi.rj.gov.br\/mercocidades\/index.php\/wp-json\/wp\/v2\/pages"}],"about":[{"href":"https:\/\/sites.niteroi.rj.gov.br\/mercocidades\/index.php\/wp-json\/wp\/v2\/types\/page"}],"author":[{"embeddable":true,"href":"https:\/\/sites.niteroi.rj.gov.br\/mercocidades\/index.php\/wp-json\/wp\/v2\/users\/1"}],"replies":[{"embeddable":true,"href":"https:\/\/sites.niteroi.rj.gov.br\/mercocidades\/index.php\/wp-json\/wp\/v2\/comments?post=41"}],"version-history":[{"count":5,"href":"https:\/\/sites.niteroi.rj.gov.br\/mercocidades\/index.php\/wp-json\/wp\/v2\/pages\/41\/revisions"}],"predecessor-version":[{"id":97,"href":"https:\/\/sites.niteroi.rj.gov.br\/mercocidades\/index.php\/wp-json\/wp\/v2\/pages\/41\/revisions\/97"}],"wp:attachment":[{"href":"https:\/\/sites.niteroi.rj.gov.br\/mercocidades\/index.php\/wp-json\/wp\/v2\/media?parent=41"}],"curies":[{"name":"wp","href":"https:\/\/api.w.org\/{rel}","templated":true}]}}