{"id":83,"date":"2025-08-26T13:28:36","date_gmt":"2025-08-26T16:28:36","guid":{"rendered":"https:\/\/sites.niteroi.rj.gov.br\/mercocidades\/?page_id=83"},"modified":"2025-12-02T22:45:08","modified_gmt":"2025-12-03T01:45:08","slug":"o-forum-de-seguranca-publica-em-perspectivas-transversais","status":"publish","type":"page","link":"https:\/\/sites.niteroi.rj.gov.br\/mercocidades\/index.php\/o-forum-de-seguranca-publica-em-perspectivas-transversais\/","title":{"rendered":"O F\u00f3rum de Seguran\u00e7a P\u00fablica em perspectivas transversais"},"content":{"rendered":"<p>[et_pb_section fb_built=&#8221;1&#8243; fullwidth=&#8221;on&#8221; _builder_version=&#8221;4.24.3&#8243; _module_preset=&#8221;default&#8221; background_color=&#8221;#158770&#8243; global_colors_info=&#8221;{}&#8221;][et_pb_fullwidth_post_title meta=&#8221;off&#8221; featured_image=&#8221;off&#8221; _builder_version=&#8221;4.24.3&#8243; _module_preset=&#8221;default&#8221; title_font=&#8221;Montserrat|700|||||||&#8221; title_text_color=&#8221;#FFFFFF&#8221; background_image=&#8221;https:\/\/sites.niteroi.rj.gov.br\/mercocidades\/wp-content\/uploads\/2025\/07\/bg-curve.png&#8221; parallax=&#8221;on&#8221; custom_padding=&#8221;50px||30px||false|false&#8221; global_colors_info=&#8221;{}&#8221;][\/et_pb_fullwidth_post_title][\/et_pb_section][et_pb_section fb_built=&#8221;1&#8243; _builder_version=&#8221;4.24.3&#8243; _module_preset=&#8221;default&#8221; global_colors_info=&#8221;{}&#8221;][et_pb_row _builder_version=&#8221;4.24.3&#8243; _module_preset=&#8221;default&#8221; global_colors_info=&#8221;{}&#8221;][et_pb_column type=&#8221;4_4&#8243; _builder_version=&#8221;4.24.3&#8243; _module_preset=&#8221;default&#8221; global_colors_info=&#8221;{}&#8221;][et_pb_text _builder_version=&#8221;4.24.3&#8243; _module_preset=&#8221;default&#8221; text_font=&#8221;|300|||||||&#8221; text_text_color=&#8221;#000000&#8243; text_font_size=&#8221;16px&#8221; text_line_height=&#8221;1.6em&#8221; global_colors_info=&#8221;{}&#8221;]O F\u00f3rum de Seguran\u00e7a P\u00fablica em Perspectivas Transversais \u00e9 uma iniciativa da Prefeitura de Niter\u00f3i que inaugura a XXX C\u00fapula das Mercocidades: Caminhos para Cidades Resilientes, Pac\u00edficas e Sustent\u00e1veis. Acontecer\u00e1 no dia 02 de dezembro de 2025. Trata-se de um espa\u00e7o de encontro t\u00e9cnico, pol\u00edtico e social que busca debater e construir solu\u00e7\u00f5es para a seguran\u00e7a p\u00fablica a partir de um enfoque transversal, democr\u00e1tico e cooperativo. [\/et_pb_text][et_pb_text _builder_version=&#8221;4.24.3&#8243; _module_preset=&#8221;default&#8221; text_font=&#8221;|300|||||||&#8221; text_text_color=&#8221;#000000&#8243; text_font_size=&#8221;16px&#8221; text_line_height=&#8221;1.6em&#8221; locked=&#8221;off&#8221; global_colors_info=&#8221;{}&#8221;]<\/p>\n<div class=\"et_pb_module et_pb_text et_pb_text_7  et_pb_text_align_center et_pb_bg_layout_light\">\n<div class=\"et_pb_text_inner\">\n<p><strong>2 de dezembro \u2013 Teatro Popular do Caminho Niemeyer<\/strong><\/p>\n<\/div>\n<\/div>\n<div class=\"et_pb_module et_pb_text et_pb_text_8  et_pb_text_align_left et_pb_bg_layout_light\">\n<div class=\"et_pb_text_inner\">\n<p><strong>9h \u2013 9h30:<\/strong>\u00a0Abertura do credenciamento<br \/><strong>9h30 \u2013 10h40:<\/strong>\u00a0Mesa de abertura: Caminhos para cidades resilientes, pac\u00edficas e sustent\u00e1veis<br \/><strong>11h \u2013 12h10:<\/strong>\u00a0Mesa 1: Construindo cidades seguras: cases de sucesso da Am\u00e9rica Latina<br \/><strong>12h20 \u2013 13h50:<\/strong>\u00a0Pausa para almo\u00e7o (Pra\u00e7a de Food Trucks)<br \/><strong>14h \u2013 15h10:<\/strong>\u00a0Mesa 2: Balan\u00e7o da COP30: papel das cidades na agenda clim\u00e1tica<br \/><strong>15h20 \u2013 16h30:<\/strong>\u00a0Mesa 3: Construindo cidades cuidadoras por meio de Perspectiva de G\u00eanero<br \/><strong>16h40 \u2013 17h:<\/strong>\u00a0Coffee break<br \/><strong>17h10 \u2013 18h20:<\/strong>\u00a0Mesa 4: Cultura e esporte como instrumentos de pacifica\u00e7\u00e3o<br \/><strong>19h \u2013 22h:<\/strong>\u00a0Programa\u00e7\u00e3o cultural e Lan\u00e7amento de livros (Pra\u00e7a de Food Trucks)<\/p>\n<\/div>\n<\/div>\n<p>[\/et_pb_text][\/et_pb_column][\/et_pb_row][\/et_pb_section]<\/p>\n","protected":false},"excerpt":{"rendered":"<p>O F\u00f3rum de Seguran\u00e7a P\u00fablica em Perspectivas Transversais \u00e9 uma iniciativa da Prefeitura de Niter\u00f3i que inaugura a XXX C\u00fapula das Mercocidades: Caminhos para Cidades Resilientes, Pac\u00edficas e Sustent\u00e1veis. Acontecer\u00e1 no dia 02 de dezembro de 2025. Trata-se de um espa\u00e7o de encontro t\u00e9cnico, pol\u00edtico e social que busca debater e construir solu\u00e7\u00f5es para a [&hellip;]<\/p>\n","protected":false},"author":1,"featured_media":0,"parent":0,"menu_order":0,"comment_status":"closed","ping_status":"closed","template":"","meta":{"_et_pb_use_builder":"on","_et_pb_old_content":"","_et_gb_content_width":"","footnotes":""},"class_list":["post-83","page","type-page","status-publish","hentry"],"_links":{"self":[{"href":"https:\/\/sites.niteroi.rj.gov.br\/mercocidades\/index.php\/wp-json\/wp\/v2\/pages\/83","targetHints":{"allow":["GET"]}}],"collection":[{"href":"https:\/\/sites.niteroi.rj.gov.br\/mercocidades\/index.php\/wp-json\/wp\/v2\/pages"}],"about":[{"href":"https:\/\/sites.niteroi.rj.gov.br\/mercocidades\/index.php\/wp-json\/wp\/v2\/types\/page"}],"author":[{"embeddable":true,"href":"https:\/\/sites.niteroi.rj.gov.br\/mercocidades\/index.php\/wp-json\/wp\/v2\/users\/1"}],"replies":[{"embeddable":true,"href":"https:\/\/sites.niteroi.rj.gov.br\/mercocidades\/index.php\/wp-json\/wp\/v2\/comments?post=83"}],"version-history":[{"count":5,"href":"https:\/\/sites.niteroi.rj.gov.br\/mercocidades\/index.php\/wp-json\/wp\/v2\/pages\/83\/revisions"}],"predecessor-version":[{"id":334,"href":"https:\/\/sites.niteroi.rj.gov.br\/mercocidades\/index.php\/wp-json\/wp\/v2\/pages\/83\/revisions\/334"}],"wp:attachment":[{"href":"https:\/\/sites.niteroi.rj.gov.br\/mercocidades\/index.php\/wp-json\/wp\/v2\/media?parent=83"}],"curies":[{"name":"wp","href":"https:\/\/api.w.org\/{rel}","templated":true}]}}