{"id":69,"date":"2026-03-17T15:02:08","date_gmt":"2026-03-17T18:02:08","guid":{"rendered":"https:\/\/sites.niteroi.rj.gov.br\/niteroi-empreendedora\/?page_id=69"},"modified":"2026-04-09T17:10:00","modified_gmt":"2026-04-09T20:10:00","slug":"lista-de-contemplados","status":"publish","type":"page","link":"https:\/\/sites.niteroi.rj.gov.br\/niteroi-empreendedora\/index.php\/lista-de-contemplados\/","title":{"rendered":"Lista de Contemplados"},"content":{"rendered":"<p>[et_pb_section fb_built=&#8221;1&#8243; _builder_version=&#8221;4.24.3&#8243; _module_preset=&#8221;default&#8221; background_color=&#8221;#EE7214&#8243; global_colors_info=&#8221;{}&#8221;][et_pb_row _builder_version=&#8221;4.24.3&#8243; _module_preset=&#8221;default&#8221; global_colors_info=&#8221;{}&#8221;][et_pb_column type=&#8221;4_4&#8243; _builder_version=&#8221;4.24.3&#8243; _module_preset=&#8221;default&#8221; global_colors_info=&#8221;{}&#8221;][et_pb_text _builder_version=&#8221;4.24.3&#8243; _module_preset=&#8221;default&#8221; header_font=&#8221;Roboto Condensed||||||||&#8221; header_text_color=&#8221;#004070&#8243; global_colors_info=&#8221;{}&#8221;]<\/p>\n<h1>Empresas contempladas pelo Programa Niter\u00f3i Empreendedora<\/h1>\n<p>[\/et_pb_text][\/et_pb_column][\/et_pb_row][\/et_pb_section][et_pb_section fb_built=&#8221;1&#8243; _builder_version=&#8221;4.24.3&#8243; _module_preset=&#8221;default&#8221; global_colors_info=&#8221;{}&#8221;][et_pb_row _builder_version=&#8221;4.24.3&#8243; _module_preset=&#8221;default&#8221; global_colors_info=&#8221;{}&#8221;][et_pb_column type=&#8221;4_4&#8243; _builder_version=&#8221;4.24.3&#8243; _module_preset=&#8221;default&#8221; global_colors_info=&#8221;{}&#8221;][et_pb_text _builder_version=&#8221;4.24.3&#8243; _module_preset=&#8221;default&#8221; global_colors_info=&#8221;{}&#8221;]<\/p>\n<p>Com o objetivo de promover o desenvolvimento econ\u00f4mico local, ampliar o acesso ao cr\u00e9dito e fortalecer os pequenos neg\u00f3cios do munic\u00edpio, o Programa Niter\u00f3i Empreendedora divulga, nesta p\u00e1gina, a rela\u00e7\u00e3o das empresas contempladas com a concess\u00e3o de financiamento.<br \/>A presente publica\u00e7\u00e3o observa os princ\u00edpios da transpar\u00eancia, publicidade e controle social, permitindo \u00e0 sociedade o acompanhamento da execu\u00e7\u00e3o do programa e da destina\u00e7\u00e3o dos recursos disponibilizados. Para fins de divulga\u00e7\u00e3o p\u00fablica, s\u00e3o apresentados exclusivamente os seguintes dados das empresas beneficiadas: CNPJ, raz\u00e3o social e valor depositado.<br \/>A iniciativa integra a pol\u00edtica p\u00fablica municipal de incentivo ao empreendedorismo, \u00e0 gera\u00e7\u00e3o de renda, \u00e0 dinamiza\u00e7\u00e3o da economia e ao fortalecimento da atividade produtiva em Niter\u00f3i, contribuindo para que micro e pequenos empreendedores tenham melhores condi\u00e7\u00f5es de investimento, expans\u00e3o e sustentabilidade de seus neg\u00f3cios.<\/p>\n<p>Abaixo, segue a tabela com as informa\u00e7\u00f5es das empresas contempladas:<\/p>\n<p>[\/et_pb_text][et_pb_text _builder_version=&#8221;4.24.3&#8243; _module_preset=&#8221;default&#8221; hover_enabled=&#8221;0&#8243; global_colors_info=&#8221;{}&#8221; sticky_enabled=&#8221;0&#8243;]<\/p>\n<table width=\"1005\">\n<tbody>\n<tr>\n<td width=\"129\">CNPJ<\/td>\n<td width=\"562\">RAZ\u00c3O SOCIAL<\/td>\n<td width=\"161\">VALOR DO EMPR\u00c9STIMO<\/td>\n<td width=\"153\">DATA DO DESEMBOLSO<\/td>\n<\/tr>\n<tr>\n<td>06930073000169<\/td>\n<td>CRECHE ESCOLA ANCORA EDUCACAO INFANTIL LTDA<\/td>\n<td>R$ 200.000,00<\/td>\n<td>04\/03\/2026<\/td>\n<\/tr>\n<tr>\n<td>07094363000182<\/td>\n<td>MANANCIAL EXECUCOES DE OBRAS LTDA<\/td>\n<td>R$ 41.000,00<\/td>\n<td>04\/03\/2026<\/td>\n<\/tr>\n<tr>\n<td>13406457000142<\/td>\n<td>AQUARINO COMERCIO AUTOMACAO E SERVICOS LTDA<\/td>\n<td>R$ 200.000,00<\/td>\n<td>04\/03\/2026<\/td>\n<\/tr>\n<tr>\n<td>15517580000166<\/td>\n<td>ANDRE DOS SANTOS FAVARIO<\/td>\n<td>R$ 20.000,00<\/td>\n<td>04\/03\/2026<\/td>\n<\/tr>\n<tr>\n<td>16877601000117<\/td>\n<td>CAROLINA G ROSA GRESS COMERCIO DE ARTIGOS PARA ARTESANATO E PAPELARIA LTDA<\/td>\n<td>R$ 36.000,00<\/td>\n<td>04\/03\/2026<\/td>\n<\/tr>\n<tr>\n<td>20046778000149<\/td>\n<td>DROGARIA FUTURA DE NITEROI LTDA<\/td>\n<td>R$ 200.000,00<\/td>\n<td>04\/03\/2026<\/td>\n<\/tr>\n<tr>\n<td>22287925000106<\/td>\n<td>PPA NITEROI SEGURANCA ELETRONICA COMERCIO ATACADO LTDA<\/td>\n<td>R$ 200.000,00<\/td>\n<td>04\/03\/2026<\/td>\n<\/tr>\n<tr>\n<td>23274300000164<\/td>\n<td>SOMMERFELD SERVICOS DE TREINAMENTO LTDA<\/td>\n<td>R$ 140.000,00<\/td>\n<td>04\/03\/2026<\/td>\n<\/tr>\n<tr>\n<td>23512568000197<\/td>\n<td>CM PINTO TECNOLOGIA E RELOGIO DE PONTO LTDA<\/td>\n<td>R$ 108.030,00<\/td>\n<td>04\/03\/2026<\/td>\n<\/tr>\n<tr>\n<td>24588201000110<\/td>\n<td>MOHAI INVICTUS COMERCIO DE ARTIGOS DO VESTUARIO LTDA<\/td>\n<td>R$ 200.000,00<\/td>\n<td>04\/03\/2026<\/td>\n<\/tr>\n<tr>\n<td>25008300000148<\/td>\n<td>MSS NITEROI COMERCIO DE ARTIGOS DO VESTUARIO LTDA<\/td>\n<td>R$ 200.000,00<\/td>\n<td>04\/03\/2026<\/td>\n<\/tr>\n<tr>\n<td>27710556000128<\/td>\n<td>EMMANUEL CHILELLI DE LIMA<\/td>\n<td>R$ 11.000,00<\/td>\n<td>04\/03\/2026<\/td>\n<\/tr>\n<tr>\n<td>27789984000198<\/td>\n<td>MARCELO CORTEZ ARAUJO MEI<\/td>\n<td>R$ 9.000,00<\/td>\n<td>04\/03\/2026<\/td>\n<\/tr>\n<tr>\n<td>28591923000184<\/td>\n<td>STUDIO SOM JOAO VI DE APARELHOS ELETRONICOS LTDA<\/td>\n<td>R$ 200.000,00<\/td>\n<td>04\/03\/2026<\/td>\n<\/tr>\n<tr>\n<td>30678719000147<\/td>\n<td>KONSTRUPLAN SOLUCAO EM CONSTRUCAO LTDA<\/td>\n<td>R$ 30.000,00<\/td>\n<td>04\/03\/2026<\/td>\n<\/tr>\n<tr>\n<td>30822436000127<\/td>\n<td>VERENA MAXIMO SERVICOS MEDICOS LTDA<\/td>\n<td>R$ 42.000,00<\/td>\n<td>04\/03\/2026<\/td>\n<\/tr>\n<tr>\n<td>31333290000119<\/td>\n<td>ESSENCIAL BOUTIQUE E ACESSORIOS LTDA<\/td>\n<td>R$ 200.000,00<\/td>\n<td>04\/03\/2026<\/td>\n<\/tr>\n<tr>\n<td>37839691000121<\/td>\n<td>DRACAR NITEROI LTDA<\/td>\n<td>R$ 80.000,00<\/td>\n<td>04\/03\/2026<\/td>\n<\/tr>\n<tr>\n<td>38323855000126<\/td>\n<td>CRIANDO E BORDANDO ARTIGOS DE ARMARINHO LTDA<\/td>\n<td>R$ 200.000,00<\/td>\n<td>04\/03\/2026<\/td>\n<\/tr>\n<tr>\n<td>39846529000166<\/td>\n<td>JORGE HENRIQUE FRANCA CARREGAL MEI<\/td>\n<td>R$ 20.000,00<\/td>\n<td>04\/03\/2026<\/td>\n<\/tr>\n<tr>\n<td>40516912000135<\/td>\n<td>MARCIO MARTINS DA SILVA<\/td>\n<td>R$ 18.000,00<\/td>\n<td>04\/03\/2026<\/td>\n<\/tr>\n<tr>\n<td>41148916000170<\/td>\n<td>MSC2 INTERMEDIACAO DE NEGOCIOS LTDA<\/td>\n<td>R$ 104.000,00<\/td>\n<td>04\/03\/2026<\/td>\n<\/tr>\n<tr>\n<td>42375739000128<\/td>\n<td>PREDIAL INVEST ADMINISTRACAO DE IMOVEIS LTDA<\/td>\n<td>R$ 30.000,00<\/td>\n<td>04\/03\/2026<\/td>\n<\/tr>\n<tr>\n<td>43219276000178<\/td>\n<td>RAFAEL EDUARDO IMOVEIS LTDA<\/td>\n<td>R$ 40.000,00<\/td>\n<td>04\/03\/2026<\/td>\n<\/tr>\n<tr>\n<td>48269236000154<\/td>\n<td>BUJU COMERCIO DE ROUPAS E ACESSORIOS LTDA<\/td>\n<td>R$ 195.000,00<\/td>\n<td>04\/03\/2026<\/td>\n<\/tr>\n<tr>\n<td>49216334000196<\/td>\n<td>MEGALO EDUCACAO DIGITAL LTDA<\/td>\n<td>R$ 8.000,00<\/td>\n<td>04\/03\/2026<\/td>\n<\/tr>\n<tr>\n<td>52489405000139<\/td>\n<td>BULHOES CORRETORA DE SEGUROS LTDA<\/td>\n<td>R$ 45.000,00<\/td>\n<td>04\/03\/2026<\/td>\n<\/tr>\n<tr>\n<td>52492160000107<\/td>\n<td>CLINICA TO LTDA<\/td>\n<td>R$ 60.000,00<\/td>\n<td>04\/03\/2026<\/td>\n<\/tr>\n<tr>\n<td>53324781000136<\/td>\n<td>RECOMECAR SOLUCAO EM ENGENHARIA LTDA<\/td>\n<td>R$ 30.000,00<\/td>\n<td>04\/03\/2026<\/td>\n<\/tr>\n<tr>\n<td>57729027000137<\/td>\n<td>GABRIEL DE SOUZA MELLO AGENCIA DE PUBLICIDADE LTDA<\/td>\n<td>R$ 21.000,00<\/td>\n<td>04\/03\/2026<\/td>\n<\/tr>\n<tr>\n<td>68671809000189<\/td>\n<td>TRI ROCKS INTERAMERICANA CONSULTORIA COMERCIAL E INDUSTRIAL LTDA<\/td>\n<td>R$ 12.000,00<\/td>\n<td>04\/03\/2026<\/td>\n<\/tr>\n<tr>\n<td>04428183000100<\/td>\n<td>EXCEL CANAL COMERCIAL LTDA<\/td>\n<td>R$ 140.000,00<\/td>\n<td>06\/04\/2026<\/td>\n<\/tr>\n<tr>\n<td>02384305000170<\/td>\n<td>GLOBBIX SOLUCOES LTDA<\/td>\n<td>R$ 200.000,00<\/td>\n<td>06\/04\/2026<\/td>\n<\/tr>\n<tr>\n<td>52330671000114<\/td>\n<td>LDFD DESIGN LTDA<\/td>\n<td>R$ 104.000,00<\/td>\n<td>06\/04\/2026<\/td>\n<\/tr>\n<tr>\n<td>42642251000110<\/td>\n<td>BAPEM COMERCIO DE CHOCOLATES LTDA<\/td>\n<td>R$ 200.000,00<\/td>\n<td>06\/04\/2026<\/td>\n<\/tr>\n<tr>\n<td>50372009000100<\/td>\n<td>ALAN CLEIDSON DE SOUSA COSTA<\/td>\n<td>R$ 5.800,00<\/td>\n<td>06\/04\/2026<\/td>\n<\/tr>\n<tr>\n<td>14697814000131<\/td>\n<td>FRANCLASS SAO FRANCISCO COMERCIO DE ROUPAS LTDA<\/td>\n<td>R$ 136.072,00<\/td>\n<td>06\/04\/2026<\/td>\n<\/tr>\n<tr>\n<td>30166904000152<\/td>\n<td>CASA DAS CUBAS NITEROI LTDA<\/td>\n<td>R$ 60.000,00<\/td>\n<td>06\/04\/2026<\/td>\n<\/tr>\n<tr>\n<td>33158136000183<\/td>\n<td>CDM MUSIC COMERCIO LTDA<\/td>\n<td>R$ 200.000,00<\/td>\n<td>06\/04\/2026<\/td>\n<\/tr>\n<tr>\n<td>24314293000140<\/td>\n<td>NEW SPACE CONTABIL LTDA<\/td>\n<td>R$ 60.000,00<\/td>\n<td>06\/04\/2026<\/td>\n<\/tr>\n<tr>\n<td>29685452000136<\/td>\n<td>RAVA SOLUCOES CONDOMINIAIS SERVICOS CONTABEIS E ADMINISTRATIVOS LTDA<\/td>\n<td>R$ 152.000,00<\/td>\n<td>06\/04\/2026<\/td>\n<\/tr>\n<tr>\n<td>29856797000105<\/td>\n<td>CINTIA SILVA DE SOUZA CARDOSO<\/td>\n<td>R$ 10.000,00<\/td>\n<td>06\/04\/2026<\/td>\n<\/tr>\n<tr>\n<td>03744728000116<\/td>\n<td>CENTRO MEDICO GAVIAO PEIXOTO S S LTDA<\/td>\n<td>R$ 97.500,00<\/td>\n<td>06\/04\/2026<\/td>\n<\/tr>\n<tr>\n<td>09570616000172<\/td>\n<td>BESSA ATIVIDADES DESPORTIVAS E CULTURAIS LTDA<\/td>\n<td>R$ 72.000,00<\/td>\n<td>06\/04\/2026<\/td>\n<\/tr>\n<tr>\n<td>47083259000107<\/td>\n<td>DG PERSONAL TRAINER LTDA<\/td>\n<td>R$ 24.000,00<\/td>\n<td>06\/04\/2026<\/td>\n<\/tr>\n<tr>\n<td>37417568000112<\/td>\n<td>CRETTON ENGENHARIA E CONSTRUCAO LTDA<\/td>\n<td>R$ 100.000,00<\/td>\n<td>06\/04\/2026<\/td>\n<\/tr>\n<tr>\n<td>32659718000180<\/td>\n<td>ELETROTECPRO SERVICOS E PROJETOS ELETRICOS LTDA<\/td>\n<td>R$ 30.000,00<\/td>\n<td>06\/04\/2026<\/td>\n<\/tr>\n<tr>\n<td>39546228000117<\/td>\n<td>GEN PARTS BRASIL SERVICOS E COMERCIO DE ARTEFATOS EM GERAL LTDA<\/td>\n<td>R$ 200.000,00<\/td>\n<td>06\/04\/2026<\/td>\n<\/tr>\n<tr>\n<td>32742364000133<\/td>\n<td>NAZARETH IMOVEIS LTDA<\/td>\n<td>R$ 80.000,00<\/td>\n<td>06\/04\/2026<\/td>\n<\/tr>\n<tr>\n<td>04353661000151<\/td>\n<td>ALIANCA SERVICOS CONTABEIS LTDA<\/td>\n<td>R$ 128.000,00<\/td>\n<td>06\/04\/2026<\/td>\n<\/tr>\n<tr>\n<td>33381554000135<\/td>\n<td>ANA PAULA PEREIRA COMERCIO DO VESTUARIO E ACESSORIOS LTDA<\/td>\n<td>R$ 94.000,00<\/td>\n<td>06\/04\/2026<\/td>\n<\/tr>\n<\/tbody>\n<\/table>\n<p>&nbsp;<\/p>\n<p>[\/et_pb_text][\/et_pb_column][\/et_pb_row][\/et_pb_section]<\/p>\n","protected":false},"excerpt":{"rendered":"<p>Empresas contempladas pelo Programa Niter\u00f3i EmpreendedoraCom o objetivo de promover o desenvolvimento econ\u00f4mico local, ampliar o acesso ao cr\u00e9dito e fortalecer os pequenos neg\u00f3cios do munic\u00edpio, o Programa Niter\u00f3i Empreendedora divulga, nesta p\u00e1gina, a rela\u00e7\u00e3o das empresas contempladas com a concess\u00e3o de financiamento.A presente publica\u00e7\u00e3o observa os princ\u00edpios da transpar\u00eancia, publicidade e controle social, permitindo [&hellip;]<\/p>\n","protected":false},"author":1,"featured_media":0,"parent":0,"menu_order":0,"comment_status":"closed","ping_status":"closed","template":"","meta":{"_et_pb_use_builder":"on","_et_pb_old_content":"","_et_gb_content_width":"","_joinchat":[],"footnotes":""},"class_list":["post-69","page","type-page","status-publish","hentry"],"_links":{"self":[{"href":"https:\/\/sites.niteroi.rj.gov.br\/niteroi-empreendedora\/index.php\/wp-json\/wp\/v2\/pages\/69","targetHints":{"allow":["GET"]}}],"collection":[{"href":"https:\/\/sites.niteroi.rj.gov.br\/niteroi-empreendedora\/index.php\/wp-json\/wp\/v2\/pages"}],"about":[{"href":"https:\/\/sites.niteroi.rj.gov.br\/niteroi-empreendedora\/index.php\/wp-json\/wp\/v2\/types\/page"}],"author":[{"embeddable":true,"href":"https:\/\/sites.niteroi.rj.gov.br\/niteroi-empreendedora\/index.php\/wp-json\/wp\/v2\/users\/1"}],"replies":[{"embeddable":true,"href":"https:\/\/sites.niteroi.rj.gov.br\/niteroi-empreendedora\/index.php\/wp-json\/wp\/v2\/comments?post=69"}],"version-history":[{"count":4,"href":"https:\/\/sites.niteroi.rj.gov.br\/niteroi-empreendedora\/index.php\/wp-json\/wp\/v2\/pages\/69\/revisions"}],"predecessor-version":[{"id":76,"href":"https:\/\/sites.niteroi.rj.gov.br\/niteroi-empreendedora\/index.php\/wp-json\/wp\/v2\/pages\/69\/revisions\/76"}],"wp:attachment":[{"href":"https:\/\/sites.niteroi.rj.gov.br\/niteroi-empreendedora\/index.php\/wp-json\/wp\/v2\/media?parent=69"}],"curies":[{"name":"wp","href":"https:\/\/api.w.org\/{rel}","templated":true}]}}